{"id":154,"date":"2024-02-27T13:07:31","date_gmt":"2024-02-27T13:07:31","guid":{"rendered":"http:\/\/142.132.203.237\/~soceandk\/nyside\/?page_id=154"},"modified":"2024-03-23T11:43:23","modified_gmt":"2024-03-23T11:43:23","slug":"kontakt","status":"publish","type":"page","link":"https:\/\/socean.dk\/en\/kontakt\/","title":{"rendered":"Contact"},"content":{"rendered":"\t\t<div data-elementor-type=\"wp-page\" data-elementor-id=\"154\" class=\"elementor elementor-154\" data-elementor-post-type=\"page\">\n\t\t\t\t<div class=\"elementor-element elementor-element-f729a41 e-flex e-con-boxed e-con e-parent\" data-id=\"f729a41\" data-element_type=\"container\" data-e-type=\"container\" data-settings=\"{&quot;background_background&quot;:&quot;classic&quot;,&quot;shape_divider_bottom&quot;:&quot;mountains&quot;}\">\n\t\t\t\t\t<div class=\"e-con-inner\">\n\t\t\t\t<div class=\"elementor-shape elementor-shape-bottom\" aria-hidden=\"true\" data-negative=\"false\">\n\t\t\t<svg xmlns=\"http:\/\/www.w3.org\/2000\/svg\" viewBox=\"0 0 1000 100\" preserveAspectRatio=\"none\">\n\t<path class=\"elementor-shape-fill\" opacity=\"0.33\" d=\"M473,67.3c-203.9,88.3-263.1-34-320.3,0C66,119.1,0,59.7,0,59.7V0h1000v59.7 c0,0-62.1,26.1-94.9,29.3c-32.8,3.3-62.8-12.3-75.8-22.1C806,49.6,745.3,8.7,694.9,4.7S492.4,59,473,67.3z\"\/>\n\t<path class=\"elementor-shape-fill\" opacity=\"0.66\" d=\"M734,67.3c-45.5,0-77.2-23.2-129.1-39.1c-28.6-8.7-150.3-10.1-254,39.1 s-91.7-34.4-149.2,0C115.7,118.3,0,39.8,0,39.8V0h1000v36.5c0,0-28.2-18.5-92.1-18.5C810.2,18.1,775.7,67.3,734,67.3z\"\/>\n\t<path class=\"elementor-shape-fill\" d=\"M766.1,28.9c-200-57.5-266,65.5-395.1,19.5C242,1.8,242,5.4,184.8,20.6C128,35.8,132.3,44.9,89.9,52.5C28.6,63.7,0,0,0,0 h1000c0,0-9.9,40.9-83.6,48.1S829.6,47,766.1,28.9z\"\/>\n<\/svg>\t\t<\/div>\n\t\t\t\t\t<\/div>\n\t\t\t\t<\/div>\n\t\t<div class=\"elementor-element elementor-element-eab24d8 animated-slow e-flex e-con-boxed elementor-invisible e-con e-parent\" data-id=\"eab24d8\" data-element_type=\"container\" data-e-type=\"container\" data-settings=\"{&quot;animation&quot;:&quot;fadeIn&quot;,&quot;animation_delay&quot;:600}\">\n\t\t\t\t\t<div class=\"e-con-inner\">\n\t\t\t\t<div class=\"elementor-element elementor-element-ba51bfc elementor-widget elementor-widget-heading\" data-id=\"ba51bfc\" data-element_type=\"widget\" data-e-type=\"widget\" data-widget_type=\"heading.default\">\n\t\t\t\t<div class=\"elementor-widget-container\">\n\t\t\t\t\t<h2 class=\"elementor-heading-title elementor-size-default\">Vi svarer med gl\u00e6de<\/h2>\t\t\t\t<\/div>\n\t\t\t\t<\/div>\n\t\t\t\t<div class=\"elementor-element elementor-element-fd5419e elementor-widget-divider--separator-type-pattern elementor-widget-divider--view-line elementor-widget elementor-widget-divider\" data-id=\"fd5419e\" data-element_type=\"widget\" data-e-type=\"widget\" data-widget_type=\"divider.default\">\n\t\t\t\t<div class=\"elementor-widget-container\">\n\t\t\t\t\t\t\t<div class=\"elementor-divider\" style=\"--divider-pattern-url: url(&quot;data:image\/svg+xml,%3Csvg xmlns=&#039;http:\/\/www.w3.org\/2000\/svg&#039; preserveAspectRatio=&#039;none&#039; overflow=&#039;visible&#039; height=&#039;100%&#039; viewBox=&#039;0 0 24 24&#039; fill=&#039;none&#039; stroke=&#039;black&#039; stroke-width=&#039;2&#039; stroke-linecap=&#039;square&#039; stroke-miterlimit=&#039;10&#039;%3E%3Cpath d=&#039;M0,6c6,0,0.9,11.1,6.9,11.1S18,6,24,6&#039;\/%3E%3C\/svg%3E&quot;);\">\n\t\t\t<span class=\"elementor-divider-separator\">\n\t\t\t\t\t\t<\/span>\n\t\t<\/div>\n\t\t\t\t\t\t<\/div>\n\t\t\t\t<\/div>\n\t\t\t\t<div class=\"elementor-element elementor-element-56e89e2 elementor-widget__width-initial elementor-widget elementor-widget-text-editor\" data-id=\"56e89e2\" data-element_type=\"widget\" data-e-type=\"widget\" data-widget_type=\"text-editor.default\">\n\t\t\t\t<div class=\"elementor-widget-container\">\n\t\t\t\t\t\t\t\t\t<p>Hvis du har sp\u00f8rgsm\u00e5l til vores retreat, aktiviteter eller andet, er du hjertlig velkommen til at sende os en besked. Du skal bare udfylde denne formular eller sende en mail til <a href=\"mailto:info@socean.dk\"><span style=\"text-decoration: underline;\">info@socean.dk<\/span><\/a>.<\/p>\t\t\t\t\t\t\t\t<\/div>\n\t\t\t\t<\/div>\n\t\t\t\t\t<\/div>\n\t\t\t\t<\/div>\n\t\t<div class=\"elementor-element elementor-element-fc53ecd e-flex e-con-boxed e-con e-parent\" data-id=\"fc53ecd\" data-element_type=\"container\" data-e-type=\"container\">\n\t\t\t\t\t<div class=\"e-con-inner\">\n\t\t\t\t<div class=\"elementor-element elementor-element-a978dbf animated-slow elementor-button-align-center elementor-invisible elementor-widget elementor-widget-form\" data-id=\"a978dbf\" data-element_type=\"widget\" data-e-type=\"widget\" data-settings=\"{&quot;step_next_label&quot;:&quot;N\\u00e6ste&quot;,&quot;step_previous_label&quot;:&quot;Tidligere&quot;,&quot;_animation&quot;:&quot;fadeIn&quot;,&quot;_animation_delay&quot;:600,&quot;button_width&quot;:&quot;100&quot;,&quot;step_type&quot;:&quot;number_text&quot;,&quot;step_icon_shape&quot;:&quot;circle&quot;}\" data-widget_type=\"form.default\">\n\t\t\t\t<div class=\"elementor-widget-container\">\n\t\t\t\t\t\t\t<form class=\"elementor-form\" method=\"post\" name=\"Kontakt\" aria-label=\"Kontakt\">\n\t\t\t<input type=\"hidden\" name=\"post_id\" value=\"154\"\/>\n\t\t\t<input type=\"hidden\" name=\"form_id\" value=\"a978dbf\"\/>\n\t\t\t<input type=\"hidden\" name=\"referer_title\" value=\"Kontakt - Socean\" \/>\n\n\t\t\t\t\t\t\t<input type=\"hidden\" name=\"queried_id\" value=\"154\"\/>\n\t\t\t\n\t\t\t<div class=\"elementor-form-fields-wrapper elementor-labels-above\">\n\t\t\t\t\t\t\t\t<div class=\"elementor-field-type-text elementor-field-group elementor-column elementor-field-group-name elementor-col-100 elementor-field-required elementor-mark-required\">\n\t\t\t\t\t\t\t\t\t\t\t\t<label for=\"form-field-name\" class=\"elementor-field-label\">\n\t\t\t\t\t\t\t\tNavn\t\t\t\t\t\t\t<\/label>\n\t\t\t\t\t\t\t\t\t\t\t\t\t\t<input size=\"1\" type=\"text\" name=\"form_fields[name]\" id=\"form-field-name\" class=\"elementor-field elementor-size-md  elementor-field-textual\" placeholder=\"Dit navn\" required=\"required\">\n\t\t\t\t\t\t\t\t\t\t\t<\/div>\n\t\t\t\t\t\t\t\t<div class=\"elementor-field-type-email elementor-field-group elementor-column elementor-field-group-email elementor-col-100 elementor-field-required elementor-mark-required\">\n\t\t\t\t\t\t\t\t\t\t\t\t<label for=\"form-field-email\" class=\"elementor-field-label\">\n\t\t\t\t\t\t\t\tE-mail\t\t\t\t\t\t\t<\/label>\n\t\t\t\t\t\t\t\t\t\t\t\t\t\t<input size=\"1\" type=\"email\" name=\"form_fields[email]\" id=\"form-field-email\" class=\"elementor-field elementor-size-md  elementor-field-textual\" placeholder=\"Din e-mail\" required=\"required\">\n\t\t\t\t\t\t\t\t\t\t\t<\/div>\n\t\t\t\t\t\t\t\t<div class=\"elementor-field-type-textarea elementor-field-group elementor-column elementor-field-group-field_d39aaa2 elementor-col-100\">\n\t\t\t\t\t\t\t\t\t\t\t\t<label for=\"form-field-field_d39aaa2\" class=\"elementor-field-label\">\n\t\t\t\t\t\t\t\tBesked\t\t\t\t\t\t\t<\/label>\n\t\t\t\t\t\t<textarea class=\"elementor-field-textual elementor-field  elementor-size-md\" name=\"form_fields[field_d39aaa2]\" id=\"form-field-field_d39aaa2\" rows=\"4\" placeholder=\"Skriv din besked\"><\/textarea>\t\t\t\t<\/div>\n\t\t\t\t\t\t\t\t<div class=\"elementor-field-type-recaptcha_v3 elementor-field-group elementor-column elementor-field-group-field_69b4b07 elementor-col-100 recaptcha_v3-bottomright\">\n\t\t\t\t\t<div class=\"elementor-field\" id=\"form-field-field_69b4b07\"><div class=\"elementor-g-recaptcha\" data-sitekey=\"6LedT5YpAAAAACD9V1KeMw9K-DffCIDeP3NhzaWG\" data-type=\"v3\" data-action=\"Form\" data-badge=\"bottomright\" data-size=\"invisible\"><\/div><\/div>\t\t\t\t<\/div>\n\t\t\t\t\t\t\t\t<div class=\"elementor-field-group elementor-column elementor-field-type-submit elementor-col-100 e-form__buttons\">\n\t\t\t\t\t<button class=\"elementor-button elementor-size-md elementor-animation-shrink\" type=\"submit\">\n\t\t\t\t\t\t<span class=\"elementor-button-content-wrapper\">\n\t\t\t\t\t\t\t\t\t\t\t\t\t\t\t\t\t\t\t\t\t\t<span class=\"elementor-button-text\">Send besked<\/span>\n\t\t\t\t\t\t\t\t\t\t\t\t\t<\/span>\n\t\t\t\t\t<\/button>\n\t\t\t\t<\/div>\n\t\t\t<\/div>\n\t\t<\/form>\n\t\t\t\t\t\t<\/div>\n\t\t\t\t<\/div>\n\t\t\t\t\t<\/div>\n\t\t\t\t<\/div>\n\t\t<div class=\"elementor-element elementor-element-3a0449d animated-slow e-flex e-con-boxed elementor-invisible e-con e-parent\" data-id=\"3a0449d\" data-element_type=\"container\" data-e-type=\"container\" data-settings=\"{&quot;animation&quot;:&quot;fadeIn&quot;,&quot;animation_delay&quot;:900}\">\n\t\t\t\t\t<div class=\"e-con-inner\">\n\t\t\t\t<div class=\"elementor-element elementor-element-1ae6ba9 elementor-widget-mobile__width-initial elementor-widget elementor-widget-heading\" data-id=\"1ae6ba9\" data-element_type=\"widget\" data-e-type=\"widget\" data-widget_type=\"heading.default\">\n\t\t\t\t<div class=\"elementor-widget-container\">\n\t\t\t\t\t<h2 class=\"elementor-heading-title elementor-size-default\">F\u00f8lg os p\u00e5 Instagram<\/h2>\t\t\t\t<\/div>\n\t\t\t\t<\/div>\n\t\t\t\t<div class=\"elementor-element elementor-element-c9dbd3d elementor-widget-divider--separator-type-pattern elementor-widget-divider--view-line elementor-widget elementor-widget-divider\" data-id=\"c9dbd3d\" data-element_type=\"widget\" data-e-type=\"widget\" data-widget_type=\"divider.default\">\n\t\t\t\t<div class=\"elementor-widget-container\">\n\t\t\t\t\t\t\t<div class=\"elementor-divider\" style=\"--divider-pattern-url: url(&quot;data:image\/svg+xml,%3Csvg xmlns=&#039;http:\/\/www.w3.org\/2000\/svg&#039; preserveAspectRatio=&#039;none&#039; overflow=&#039;visible&#039; height=&#039;100%&#039; viewBox=&#039;0 0 24 24&#039; fill=&#039;none&#039; stroke=&#039;black&#039; stroke-width=&#039;2&#039; stroke-linecap=&#039;square&#039; stroke-miterlimit=&#039;10&#039;%3E%3Cpath d=&#039;M0,6c6,0,0.9,11.1,6.9,11.1S18,6,24,6&#039;\/%3E%3C\/svg%3E&quot;);\">\n\t\t\t<span class=\"elementor-divider-separator\">\n\t\t\t\t\t\t<\/span>\n\t\t<\/div>\n\t\t\t\t\t\t<\/div>\n\t\t\t\t<\/div>\n\t\t\t\t<div class=\"elementor-element elementor-element-5ed5a11 inavii-pagination-no inavii-arrow-vertical-middle inavii-pagination-horizontal-center elementor-widget elementor-widget-inavii-grid\" data-id=\"5ed5a11\" data-element_type=\"widget\" data-e-type=\"widget\" data-widget_type=\"inavii-grid.default\">\n\t\t\t\t<div class=\"elementor-widget-container\">\n\t\t\t\t\t\n    <div class=\"inavii-ajax inavii-skeleton-container  inavii-grid inavii-grid__type-grid\"\n         data-items-mobile=\"4\" data-settings=\"&#x7B;&quot;feed_offset&quot;&#x3A;0,&quot;feed_id&quot;&#x3A;2089,&quot;posts_count&quot;&#x3A;4,&quot;posts_count_available&quot;&#x3A;0,&quot;items&quot;&#x3A;&#x5B;&#x5D;,&quot;items_desktop&quot;&#x3A;4,&quot;items_mobile&quot;&#x3A;4,&quot;is_mobile&quot;&#x3A;false,&quot;img_animation_class&quot;&#x3A;&quot;&quot;,&quot;follow_button_url&quot;&#x3A;&quot;https&#x3A;&#x5C;&#x2F;&#x5C;&#x2F;www.instagram.com&#x5C;&#x2F;socean.dk&quot;,&quot;enable_photo_linking&quot;&#x3A;&quot;linking_post&quot;,&quot;target&quot;&#x3A;&quot;_blank&quot;,&quot;layoutView&quot;&#x3A;&quot;none&quot;,&quot;imageSize&quot;&#x3A;&quot;medium&quot;,&quot;enable_avatar_lightbox&quot;&#x3A;false,&quot;avatar_url&quot;&#x3A;&quot;https&#x3A;&#x5C;&#x2F;&#x5C;&#x2F;socean.dk&#x5C;&#x2F;wp-content&#x5C;&#x2F;uploads&#x5C;&#x2F;inavii-social-feed&#x5C;&#x2F;17841461266115007-s.jpg&quot;,&quot;username&quot;&#x3A;&quot;socean.dk&quot;,&quot;username_lightbox&quot;&#x3A;&quot;socean.dk&quot;,&quot;username_lightbox_switch&quot;&#x3A;false,&quot;widget_id&quot;&#x3A;&quot;5ed5a11&quot;,&quot;layout_type&quot;&#x3A;&quot;grid&quot;,&quot;enable_popup_follow_button&quot;&#x3A;false,&quot;enable_popup_icon_follow_button&quot;&#x3A;false,&quot;follow_popup_button_icon&quot;&#x3A;&#x7B;&quot;icon_class&quot;&#x3A;&quot;&quot;&#x7D;,&quot;follow_popup_button_text&quot;&#x3A;false,&quot;enable_lightbox_follow_button&quot;&#x3A;false,&quot;enable_lightbox_icon_follow_button&quot;&#x3A;false,&quot;follow_lightbox_button_icon&quot;&#x3A;&#x7B;&quot;icon_class&quot;&#x3A;&quot;&lt;svg&#x20;aria-hidden&#x3D;&#x5C;&quot;true&#x5C;&quot;&#x20;class&#x3D;&#x5C;&quot;e-font-icon-svg&#x20;e-fab-instagram&#x5C;&quot;&#x20;viewBox&#x3D;&#x5C;&quot;0&#x20;0&#x20;448&#x20;512&#x5C;&quot;&#x20;xmlns&#x3D;&#x5C;&quot;http&#x3A;&#x5C;&#x2F;&#x5C;&#x2F;www.w3.org&#x5C;&#x2F;2000&#x5C;&#x2F;svg&#x5C;&quot;&gt;&lt;path&#x20;d&#x3D;&#x5C;&quot;M224.1&#x20;141c-63.6&#x20;0-114.9&#x20;51.3-114.9&#x20;114.9s51.3&#x20;114.9&#x20;114.9&#x20;114.9S339&#x20;319.5&#x20;339&#x20;255.9&#x20;287.7&#x20;141&#x20;224.1&#x20;141zm0&#x20;189.6c-41.1&#x20;0-74.7-33.5-74.7-74.7s33.5-74.7&#x20;74.7-74.7&#x20;74.7&#x20;33.5&#x20;74.7&#x20;74.7-33.6&#x20;74.7-74.7&#x20;74.7zm146.4-194.3c0&#x20;14.9-12&#x20;26.8-26.8&#x20;26.8-14.9&#x20;0-26.8-12-26.8-26.8s12-26.8&#x20;26.8-26.8&#x20;26.8&#x20;12&#x20;26.8&#x20;26.8zm76.1&#x20;27.2c-1.7-35.9-9.9-67.7-36.2-93.9-26.2-26.2-58-34.4-93.9-36.2-37-2.1-147.9-2.1-184.9&#x20;0-35.8&#x20;1.7-67.6&#x20;9.9-93.9&#x20;36.1s-34.4&#x20;58-36.2&#x20;93.9c-2.1&#x20;37-2.1&#x20;147.9&#x20;0&#x20;184.9&#x20;1.7&#x20;35.9&#x20;9.9&#x20;67.7&#x20;36.2&#x20;93.9s58&#x20;34.4&#x20;93.9&#x20;36.2c37&#x20;2.1&#x20;147.9&#x20;2.1&#x20;184.9&#x20;0&#x20;35.9-1.7&#x20;67.7-9.9&#x20;93.9-36.2&#x20;26.2-26.2&#x20;34.4-58&#x20;36.2-93.9&#x20;2.1-37&#x20;2.1-147.8&#x20;0-184.8zM398.8&#x20;388c-7.8&#x20;19.6-22.9&#x20;34.7-42.6&#x20;42.6-29.5&#x20;11.7-99.5&#x20;9-132.1&#x20;9s-102.7&#x20;2.6-132.1-9c-19.6-7.8-34.7-22.9-42.6-42.6-11.7-29.5-9-99.5-9-132.1s-2.6-102.7&#x20;9-132.1c7.8-19.6&#x20;22.9-34.7&#x20;42.6-42.6&#x20;29.5-11.7&#x20;99.5-9&#x20;132.1-9s102.7-2.6&#x20;132.1&#x20;9c19.6&#x20;7.8&#x20;34.7&#x20;22.9&#x20;42.6&#x20;42.6&#x20;11.7&#x20;29.5&#x20;9&#x20;99.5&#x20;9&#x20;132.1s2.7&#x20;102.7-9&#x20;132.1z&#x5C;&quot;&gt;&lt;&#x5C;&#x2F;path&gt;&lt;&#x5C;&#x2F;svg&gt;&quot;&#x7D;,&quot;follow_lightbox_button_text&quot;&#x3A;&quot;View&#x20;on&#x20;Instagram&quot;,&quot;is_promotion&quot;&#x3A;false,&quot;is_pro&quot;&#x3A;false,&quot;video_playback&quot;&#x3A;true,&quot;render_type&quot;&#x3A;&quot;AJAX&quot;&#x7D;\"\n\n                        >\n\n\n                                        <div class=\"inavii-image-skeleton-init\"><\/div>\n    <div class=\"inavii-image-skeleton-init\"><\/div>\n            \n            \n            \n                    \n        \n    <\/div>\n\n\t\t\t\t<\/div>\n\t\t\t\t<\/div>\n\t\t\t\t\t<\/div>\n\t\t\t\t<\/div>\n\t\t\t\t<\/div>\n\t\t","protected":false},"excerpt":{"rendered":"<p>Vi svarer med gl\u00e6de Hvis du har sp\u00f8rgsm\u00e5l til vores retreat, aktiviteter eller andet, er du hjertlig velkommen til at sende os en besked. Du skal bare udfylde denne formular eller sende en mail til info@socean.dk. F\u00f8lg os p\u00e5 Instagram<\/p>","protected":false},"author":1,"featured_media":0,"parent":0,"menu_order":0,"comment_status":"closed","ping_status":"closed","template":"","meta":{"_monsterinsights_skip_tracking":false,"_monsterinsights_sitenote_active":false,"_monsterinsights_sitenote_note":"","_monsterinsights_sitenote_category":0,"iawp_total_views":213,"footnotes":""},"class_list":["post-154","page","type-page","status-publish","hentry"],"yoast_head":"<!-- This site is optimized with the Yoast SEO plugin v27.0 - https:\/\/yoast.com\/product\/yoast-seo-wordpress\/ -->\n<title>Kontakt - Socean<\/title>\n<meta name=\"robots\" content=\"index, follow, max-snippet:-1, max-image-preview:large, max-video-preview:-1\" \/>\n<link rel=\"canonical\" href=\"https:\/\/socean.dk\/en\/kontakt\/\" \/>\n<meta property=\"og:locale\" content=\"en_GB\" \/>\n<meta property=\"og:type\" content=\"article\" \/>\n<meta property=\"og:title\" content=\"Kontakt - Socean\" \/>\n<meta property=\"og:description\" content=\"Vi svarer med gl\u00e6de Hvis du har sp\u00f8rgsm\u00e5l til vores retreat, aktiviteter eller andet, er du hjertlig velkommen til at sende os en besked. Du skal bare udfylde denne formular eller sende en mail til info@socean.dk. F\u00f8lg os p\u00e5 Instagram\" \/>\n<meta property=\"og:url\" content=\"https:\/\/socean.dk\/en\/kontakt\/\" \/>\n<meta property=\"og:site_name\" content=\"Socean\" \/>\n<meta property=\"article:modified_time\" content=\"2024-03-23T11:43:23+00:00\" \/>\n<meta name=\"twitter:card\" content=\"summary_large_image\" \/>\n<script type=\"application\/ld+json\" class=\"yoast-schema-graph\">{\"@context\":\"https:\/\/schema.org\",\"@graph\":[{\"@type\":\"WebPage\",\"@id\":\"https:\/\/socean.dk\/kontakt\/\",\"url\":\"https:\/\/socean.dk\/kontakt\/\",\"name\":\"Kontakt - Socean\",\"isPartOf\":{\"@id\":\"https:\/\/socean.dk\/#website\"},\"datePublished\":\"2024-02-27T13:07:31+00:00\",\"dateModified\":\"2024-03-23T11:43:23+00:00\",\"breadcrumb\":{\"@id\":\"https:\/\/socean.dk\/kontakt\/#breadcrumb\"},\"inLanguage\":\"en-GB\",\"potentialAction\":[{\"@type\":\"ReadAction\",\"target\":[\"https:\/\/socean.dk\/kontakt\/\"]}]},{\"@type\":\"BreadcrumbList\",\"@id\":\"https:\/\/socean.dk\/kontakt\/#breadcrumb\",\"itemListElement\":[{\"@type\":\"ListItem\",\"position\":1,\"name\":\"Hjem\",\"item\":\"https:\/\/socean.dk\/\"},{\"@type\":\"ListItem\",\"position\":2,\"name\":\"Kontakt\"}]},{\"@type\":\"WebSite\",\"@id\":\"https:\/\/socean.dk\/#website\",\"url\":\"https:\/\/socean.dk\/\",\"name\":\"Socean\",\"description\":\"Ocean love, retreats, surf &amp; surfskate\",\"publisher\":{\"@id\":\"https:\/\/socean.dk\/#organization\"},\"potentialAction\":[{\"@type\":\"SearchAction\",\"target\":{\"@type\":\"EntryPoint\",\"urlTemplate\":\"https:\/\/socean.dk\/?s={search_term_string}\"},\"query-input\":{\"@type\":\"PropertyValueSpecification\",\"valueRequired\":true,\"valueName\":\"search_term_string\"}}],\"inLanguage\":\"en-GB\"},{\"@type\":\"Organization\",\"@id\":\"https:\/\/socean.dk\/#organization\",\"name\":\"Socean\",\"url\":\"https:\/\/socean.dk\/\",\"logo\":{\"@type\":\"ImageObject\",\"inLanguage\":\"en-GB\",\"@id\":\"https:\/\/socean.dk\/#\/schema\/logo\/image\/\",\"url\":\"https:\/\/socean.dk\/wp-content\/uploads\/2024\/02\/Socean.-3.webp\",\"contentUrl\":\"https:\/\/socean.dk\/wp-content\/uploads\/2024\/02\/Socean.-3.webp\",\"width\":500,\"height\":500,\"caption\":\"Socean\"},\"image\":{\"@id\":\"https:\/\/socean.dk\/#\/schema\/logo\/image\/\"}}]}<\/script>\n<!-- \/ Yoast SEO plugin. -->","yoast_head_json":{"title":"Kontakt - Socean","robots":{"index":"index","follow":"follow","max-snippet":"max-snippet:-1","max-image-preview":"max-image-preview:large","max-video-preview":"max-video-preview:-1"},"canonical":"https:\/\/socean.dk\/en\/kontakt\/","og_locale":"en_GB","og_type":"article","og_title":"Kontakt - Socean","og_description":"Vi svarer med gl\u00e6de Hvis du har sp\u00f8rgsm\u00e5l til vores retreat, aktiviteter eller andet, er du hjertlig velkommen til at sende os en besked. Du skal bare udfylde denne formular eller sende en mail til info@socean.dk. F\u00f8lg os p\u00e5 Instagram","og_url":"https:\/\/socean.dk\/en\/kontakt\/","og_site_name":"Socean","article_modified_time":"2024-03-23T11:43:23+00:00","twitter_card":"summary_large_image","schema":{"@context":"https:\/\/schema.org","@graph":[{"@type":"WebPage","@id":"https:\/\/socean.dk\/kontakt\/","url":"https:\/\/socean.dk\/kontakt\/","name":"Kontakt - Socean","isPartOf":{"@id":"https:\/\/socean.dk\/#website"},"datePublished":"2024-02-27T13:07:31+00:00","dateModified":"2024-03-23T11:43:23+00:00","breadcrumb":{"@id":"https:\/\/socean.dk\/kontakt\/#breadcrumb"},"inLanguage":"en-GB","potentialAction":[{"@type":"ReadAction","target":["https:\/\/socean.dk\/kontakt\/"]}]},{"@type":"BreadcrumbList","@id":"https:\/\/socean.dk\/kontakt\/#breadcrumb","itemListElement":[{"@type":"ListItem","position":1,"name":"Hjem","item":"https:\/\/socean.dk\/"},{"@type":"ListItem","position":2,"name":"Kontakt"}]},{"@type":"WebSite","@id":"https:\/\/socean.dk\/#website","url":"https:\/\/socean.dk\/","name":"Socean","description":"Ocean love, retreats, surf &amp; surfskate","publisher":{"@id":"https:\/\/socean.dk\/#organization"},"potentialAction":[{"@type":"SearchAction","target":{"@type":"EntryPoint","urlTemplate":"https:\/\/socean.dk\/?s={search_term_string}"},"query-input":{"@type":"PropertyValueSpecification","valueRequired":true,"valueName":"search_term_string"}}],"inLanguage":"en-GB"},{"@type":"Organization","@id":"https:\/\/socean.dk\/#organization","name":"Socean","url":"https:\/\/socean.dk\/","logo":{"@type":"ImageObject","inLanguage":"en-GB","@id":"https:\/\/socean.dk\/#\/schema\/logo\/image\/","url":"https:\/\/socean.dk\/wp-content\/uploads\/2024\/02\/Socean.-3.webp","contentUrl":"https:\/\/socean.dk\/wp-content\/uploads\/2024\/02\/Socean.-3.webp","width":500,"height":500,"caption":"Socean"},"image":{"@id":"https:\/\/socean.dk\/#\/schema\/logo\/image\/"}}]}},"_links":{"self":[{"href":"https:\/\/socean.dk\/en\/wp-json\/wp\/v2\/pages\/154","targetHints":{"allow":["GET"]}}],"collection":[{"href":"https:\/\/socean.dk\/en\/wp-json\/wp\/v2\/pages"}],"about":[{"href":"https:\/\/socean.dk\/en\/wp-json\/wp\/v2\/types\/page"}],"author":[{"embeddable":true,"href":"https:\/\/socean.dk\/en\/wp-json\/wp\/v2\/users\/1"}],"replies":[{"embeddable":true,"href":"https:\/\/socean.dk\/en\/wp-json\/wp\/v2\/comments?post=154"}],"version-history":[{"count":79,"href":"https:\/\/socean.dk\/en\/wp-json\/wp\/v2\/pages\/154\/revisions"}],"predecessor-version":[{"id":3428,"href":"https:\/\/socean.dk\/en\/wp-json\/wp\/v2\/pages\/154\/revisions\/3428"}],"wp:attachment":[{"href":"https:\/\/socean.dk\/en\/wp-json\/wp\/v2\/media?parent=154"}],"curies":[{"name":"wp","href":"https:\/\/api.w.org\/{rel}","templated":true}]}}